{"id":1692,"date":"2020-07-18T08:45:56","date_gmt":"2020-07-18T06:45:56","guid":{"rendered":"http:\/\/photo-polynesie.com\/index.php\/produit\/nikon-p950\/"},"modified":"2022-03-23T22:47:50","modified_gmt":"2022-03-23T21:47:50","slug":"nikon-p950","status":"publish","type":"product","link":"https:\/\/photo-polynesie.com\/index.php\/produit\/nikon-p950\/","title":{"rendered":"NIKON P950"},"content":{"rendered":"<h2>GALERIE<\/h2>\n<figure class=\"gallery-item\"><img fetchpriority=\"high\" decoding=\"async\" src=\"https:\/\/www.phototahiti.store\/wp-content\/uploads\/2020\/07\/coolpix_p950_gallery_04-original.jpg\" sizes=\"(max-width: 720px) 100vw, 720px\" srcset=\"https:\/\/www.phototahiti.store\/wp-content\/uploads\/2020\/07\/coolpix_p950_gallery_04-original.jpg 720w, https:\/\/www.phototahiti.store\/wp-content\/uploads\/2020\/07\/coolpix_p950_gallery_04-original-225x300.jpg 225w, https:\/\/www.phototahiti.store\/wp-content\/uploads\/2020\/07\/coolpix_p950_gallery_04-original-600x800.jpg 600w\" alt=\"\" width=\"720\" height=\"960\" \/><\/figure>\n<figure class=\"gallery-item\"><img decoding=\"async\" src=\"https:\/\/www.phototahiti.store\/wp-content\/uploads\/2020\/07\/coolpix_p950_gallery_20-original.jpg\" sizes=\"(max-width: 960px) 100vw, 960px\" srcset=\"https:\/\/www.phototahiti.store\/wp-content\/uploads\/2020\/07\/coolpix_p950_gallery_20-original.jpg 960w, https:\/\/www.phototahiti.store\/wp-content\/uploads\/2020\/07\/coolpix_p950_gallery_20-original-300x225.jpg 300w, https:\/\/www.phototahiti.store\/wp-content\/uploads\/2020\/07\/coolpix_p950_gallery_20-original-768x576.jpg 768w, https:\/\/www.phototahiti.store\/wp-content\/uploads\/2020\/07\/coolpix_p950_gallery_20-original-600x450.jpg 600w\" alt=\"\" width=\"960\" height=\"720\" \/><\/figure>\n<figure class=\"gallery-item\"><img decoding=\"async\" src=\"https:\/\/www.phototahiti.store\/wp-content\/uploads\/2020\/07\/coolpix_p950_gallery_29-original.jpg\" sizes=\"(max-width: 960px) 100vw, 960px\" srcset=\"https:\/\/www.phototahiti.store\/wp-content\/uploads\/2020\/07\/coolpix_p950_gallery_29-original.jpg 960w, https:\/\/www.phototahiti.store\/wp-content\/uploads\/2020\/07\/coolpix_p950_gallery_29-original-300x225.jpg 300w, https:\/\/www.phototahiti.store\/wp-content\/uploads\/2020\/07\/coolpix_p950_gallery_29-original-768x576.jpg 768w, https:\/\/www.phototahiti.store\/wp-content\/uploads\/2020\/07\/coolpix_p950_gallery_29-original-600x450.jpg 600w\" alt=\"\" width=\"960\" height=\"720\" \/><\/figure>\n<figure class=\"gallery-item\"><img loading=\"lazy\" decoding=\"async\" src=\"https:\/\/www.phototahiti.store\/wp-content\/uploads\/2020\/07\/coolpix_p950_gallery_01-original.jpg\" sizes=\"(max-width: 960px) 100vw, 960px\" srcset=\"https:\/\/www.phototahiti.store\/wp-content\/uploads\/2020\/07\/coolpix_p950_gallery_01-original.jpg 960w, https:\/\/www.phototahiti.store\/wp-content\/uploads\/2020\/07\/coolpix_p950_gallery_01-original-300x225.jpg 300w, https:\/\/www.phototahiti.store\/wp-content\/uploads\/2020\/07\/coolpix_p950_gallery_01-original-768x576.jpg 768w, https:\/\/www.phototahiti.store\/wp-content\/uploads\/2020\/07\/coolpix_p950_gallery_01-original-600x450.jpg 600w\" alt=\"\" width=\"960\" height=\"720\" \/><\/figure>\n<figure class=\"gallery-item\"><img loading=\"lazy\" decoding=\"async\" src=\"https:\/\/www.phototahiti.store\/wp-content\/uploads\/2020\/07\/coolpix_p950_gallery_10-original.jpg\" sizes=\"(max-width: 960px) 100vw, 960px\" srcset=\"https:\/\/www.phototahiti.store\/wp-content\/uploads\/2020\/07\/coolpix_p950_gallery_10-original.jpg 960w, https:\/\/www.phototahiti.store\/wp-content\/uploads\/2020\/07\/coolpix_p950_gallery_10-original-300x225.jpg 300w, https:\/\/www.phototahiti.store\/wp-content\/uploads\/2020\/07\/coolpix_p950_gallery_10-original-768x576.jpg 768w, https:\/\/www.phototahiti.store\/wp-content\/uploads\/2020\/07\/coolpix_p950_gallery_10-original-600x450.jpg 600w\" alt=\"\" width=\"960\" height=\"720\" \/><\/figure>\n<h3>Caract\u00e9ristiques techniques<\/h3>\n<table id=\"techspec\" summary=\"Caract\u00e9ristiques techniques\" data-tablesaw-minimap=\"\" data-tablesaw-mode=\"swipe\">\n<tbody>\n<tr>\n<th>Type<\/th>\n<td>Appareil photo num\u00e9rique compact<\/td>\n<\/tr>\n<tr>\n<th>Pixels effectifs<\/th>\n<td>16\u00a0millions (Le traitement d\u2019image peut r\u00e9duire le nombre de pixels effectifs.)<\/td>\n<\/tr>\n<tr>\n<th>Capteur d&#8217;image<\/th>\n<td>CMOS 1\/2,3\u00a0pouce\u00a0; nombre total de pixels\u00a0: environ 16,79\u00a0millions<\/td>\n<\/tr>\n<tr>\n<th>Objectif<\/th>\n<td>Objectif NIKKOR avec zoom optique\u00a083\u00d7<\/td>\n<\/tr>\n<tr>\n<th>Focale<\/th>\n<td>4,3 \u00e0 357\u00a0mm (angle de champ \u00e9quivalant \u00e0 celui d\u2019un objectif 24\u20132000\u00a0mm en format 24\u00a0\u00d7\u00a036)<\/td>\n<\/tr>\n<tr>\n<th>Ouverture<\/th>\n<td>f\/2.8 \u00e0 6.5<\/td>\n<\/tr>\n<tr>\n<th>Construction optique<\/th>\n<td>16\u00a0lentilles en 12\u00a0groupes (5\u00a0lentilles en verre\u00a0ED et 1\u00a0lentille Super\u00a0ED)<\/td>\n<\/tr>\n<tr>\n<th>Grossissement<\/th>\n<td>Jusqu\u2019\u00e0 4\u00d7 (angle de champ \u00e9quivalant \u00e0 celui d\u2019un objectif 8000\u00a0mm en format 24\u00a0\u00d7\u00a036)\u00a0; jusqu\u2019\u00e0 3,6\u00d7 lors de l\u2019enregistrement de vid\u00e9os \u00e0 [2160\/30p] (4K\u00a0UHD) ou [2160\/25p] (4K\u00a0UHD)<\/td>\n<\/tr>\n<tr>\n<th>R\u00e9duction de vibration<\/th>\n<td>VR optique (photos), association VR optique et VR \u00e9lectronique (vid\u00e9os)<\/td>\n<\/tr>\n<tr>\n<th>Autofocus<\/th>\n<td>AF par d\u00e9tection de contraste<\/td>\n<\/tr>\n<tr>\n<th>Plage de mise au point<\/th>\n<td>[Grand-angle]\u00a0: environ 50\u00a0cm \u00e0 l\u2019infini, [t\u00e9l\u00e9objectif]\u00a0: environ 5\u00a0m \u00e0 l\u2019infini\u00a0; Macro\u00a0: [grand-angle]\u00a0: environ 1\u00a0cm \u00e0 l\u2019infini, [t\u00e9l\u00e9objectif]\u00a0: environ 5\u00a0m \u00e0 l\u2019infini. Toutes les distances sont mesur\u00e9es \u00e0 partir du centre de la face avant de l\u2019objectif.<\/td>\n<\/tr>\n<tr>\n<th>Mode de zone AF<\/th>\n<td>AF sur le sujet principal, priorit\u00e9 visage, manuel (ponctuel), manuel (normal), manuel (large), suivi du sujet, zone centrale (spot), zone centrale (normal) et zone centrale (large)<\/td>\n<\/tr>\n<tr>\n<th>Viseur<\/th>\n<td>Viseur \u00e9lectronique, 1\u00a0cm, OLED d\u2019environ 2\u00a0359\u00a0000\u00a0pixels et fonction de r\u00e9glage dioptrique (-3 \u00e0 +3\u00a0d)<\/td>\n<\/tr>\n<tr>\n<th>Couverture de l&#8217;image<\/th>\n<td>Mode de prise de vue\u00a0: environ 99\u00a0% horizontalement et verticalement (par rapport \u00e0 l\u2019image r\u00e9elle)\u00a0; mode de visualisation\u00a0: environ 100\u00a0% horizontalement et verticalement (par rapport \u00e0 l\u2019image r\u00e9elle)<\/td>\n<\/tr>\n<tr>\n<th>Moniteur<\/th>\n<td>8,1\u00a0cm (3,2\u00a0pouces)\u00a0; ACL TFT orientable d\u2019environ 921\u00a0000\u00a0pixels (RVB) avec visibilit\u00e9 sous tous les angles, traitement anti-reflet et cinq\u00a0niveaux de r\u00e9glage de la luminosit\u00e9<\/td>\n<\/tr>\n<tr>\n<th>Stockage &#8211; Supports d&#8217;enregistrement<\/th>\n<td>SD, SDHC, SDXC<\/td>\n<\/tr>\n<tr>\n<th>Syst\u00e8me de fichiers<\/th>\n<td>Compatible DCF et Exif\u00a02.31<\/td>\n<\/tr>\n<tr>\n<th>Stockage &#8211; Format de fichier<\/th>\n<td>Photos\u00a0: JPEG, RAW (NRW, format propri\u00e9taire de Nikon)\u00a0; vid\u00e9os\u00a0: MP4 (H.264\/MPEG-4 AVC avec son AAC st\u00e9r\u00e9o)<\/td>\n<\/tr>\n<tr>\n<th>Taille d&#8217;image (pixels)<\/th>\n<td>16\u00a0M [4608\u00a0\u00d7\u00a03456], 8\u00a0M [3264\u00a0\u00d7\u00a02448], 4\u00a0M [2272\u00a0\u00d7\u00a01704], 2\u00a0M [1600\u00a0\u00d7\u00a01200], 16:9 12\u00a0M [4608\u00a0\u00d7\u00a02592], 3:2 14\u00a0M [4608\u00a0\u00d7\u00a03072], 1:1 12\u00a0M [3456\u00a0\u00d7\u00a03456]<\/td>\n<\/tr>\n<tr>\n<th>Vid\u00e9o &#8211; Taille d&#8217;image (pixels) et cadence de prise de vue<\/th>\n<td>2160\/30p (4K UHD), 2160\/25p (4K UHD), 1080\/30p, 1080\/25p, 1080\/60p, 1080\/50p, 720\/30p, 720\/25p, 720\/60p, 720\/50p, HS 480\/4\u00d7, HS 720\/2\u00d7, HS 1080\/0,5\u00d7<\/td>\n<\/tr>\n<tr>\n<th>Sensibilit\u00e9<\/th>\n<td>100 \u00e0 1600\u00a0ISO, [100\u2013400], [100\u2013800], [100\u20131600] (r\u00e9glage par d\u00e9faut), [100\u20133200], [100\u20136400], [100], [200], [400], [800], [1600], [3200] et [6400] disponibles en modes P, S, A, M, U ou Vid\u00e9o manuel<\/td>\n<\/tr>\n<tr>\n<th>Mesure de l&#8217;exposition<\/th>\n<td>Matricielle, pond\u00e9r\u00e9e centrale, spot<\/td>\n<\/tr>\n<tr>\n<th>Contr\u00f4le de l&#8217;exposition<\/th>\n<td>Exposition autoprogramm\u00e9e avec d\u00e9calage du programme, auto \u00e0 priorit\u00e9 vitesse, auto \u00e0 priorit\u00e9 ouverture, manuel, bracketing de l\u2019exposition, correction d\u2019exposition (-2 \u00e0 +2\u00a0IL par incr\u00e9ments de 1\/3\u00a0IL)<\/td>\n<\/tr>\n<tr>\n<th>Type d&#8217;obturateur<\/th>\n<td>Obturateur m\u00e9canique et \u00e9lectronique CMOS<\/td>\n<\/tr>\n<tr>\n<th>Vitesse d\u2019obturation<\/th>\n<td>De 1\/2000 \u00e0 1\u00a0s\u00a0; en modes P et A, de 1\/2000 \u00e0 2\u00a0s (lorsque la sensibilit\u00e9 est r\u00e9gl\u00e9e sur [100\u20131600]) ou de 1\/2000 \u00e0 30\u00a0s (lorsque la sensibilit\u00e9 est r\u00e9gl\u00e9e sur [100])\u00a0; en modes S et M, de 1\/4000 (en position grand-angle, avec le chiffre f\/ le plus \u00e9lev\u00e9, soit l\u2019ouverture la plus petite) \u00e0 30\u00a0s (r\u00e9glable lorsque la sensibilit\u00e9 est de 3200\u00a0ISO ou moins)\u00a0; pose\u00a0B et pose\u00a0T (r\u00e9glables lorsque la sensibilit\u00e9 est de 1600\u00a0ISO ou moins en mode\u00a0M)\u00a0: Jusqu&#8217;\u00e0 60\u00a0secondes. Pour l&#8217;enregistrement de vid\u00e9os, de 1\/8000 \u00e0 1\/30\u00a0s (lorsque la cadence de prise de vue est r\u00e9gl\u00e9e sur [30\u00a0vps (30p\/60p)]) ou de 1\/8000 \u00e0 1\/25\u00a0s (lorsque la cadence de prise de vue est r\u00e9gl\u00e9e sur [25\u00a0vps (25p\/50p)])<\/td>\n<\/tr>\n<tr>\n<th>Vitesse de synchronisation du flash<\/th>\n<td>Synchronisation quelle que soit la vitesse d\u2019obturation<\/td>\n<\/tr>\n<tr>\n<th>Ouverture<\/th>\n<td>Diaphragme en iris \u00e0 6\u00a0lamelles contr\u00f4l\u00e9 \u00e9lectroniquement<\/td>\n<\/tr>\n<tr>\n<th>Plage des ouvertures<\/th>\n<td>10\u00a0incr\u00e9ments d\u20191\/3\u00a0IL (grand-angle) (modes\u00a0A, M)<\/td>\n<\/tr>\n<tr>\n<th>Port\u00e9e du flash (environ)<\/th>\n<td>[Grand-angle]\u00a0: de 0,5 \u00e0 11,5\u00a0m, [t\u00e9l\u00e9objectif]\u00a0: de 5 \u00e0 7\u00a0m (sensibilit\u00e9\u00a0: [100\u20131600\u00a0ISO])<\/td>\n<\/tr>\n<tr>\n<th>Contr\u00f4le du flash<\/th>\n<td>Flash automatique TTL avec pr\u00e9-\u00e9clairs pilotes<\/td>\n<\/tr>\n<tr>\n<th>Correction de l&#8217;exposition<\/th>\n<td>Par incr\u00e9ments de 1\/3\u00a0IL dans la plage comprise entre -2 et +2\u00a0IL<\/td>\n<\/tr>\n<tr>\n<th>Griffe flash<\/th>\n<td>ISO\u00a0518 \u00e0 contact direct avec contacts de synchronisation et de donn\u00e9es, et blocage de s\u00e9curit\u00e9<\/td>\n<\/tr>\n<tr>\n<th>USB<\/th>\n<td>Port micro\u00a0USB (ne pas utiliser d\u2019autres c\u00e2bles\u00a0USB que le c\u00e2ble\u00a0USB\u00a0UC-E21 fourni), USB Hi-Speed<\/td>\n<\/tr>\n<tr>\n<th>Sortie HDMI<\/th>\n<td>Micro-connecteur HDMI (type\u00a0D)<\/td>\n<\/tr>\n<tr>\n<th>Connecteur pour microphone externe<\/th>\n<td>Fiche mini st\u00e9r\u00e9o (3,5\u00a0mm de diam\u00e8tre\u00a0; entr\u00e9e aliment\u00e9e prise en charge)<\/td>\n<\/tr>\n<tr>\n<th>Prise(s) pour accessoire<\/th>\n<td>Compatible avec les accessoires suivants (propos\u00e9s s\u00e9par\u00e9ment)\u00a0: T\u00e9l\u00e9commande filaire MC-DC2 et t\u00e9l\u00e9commandes radio sans fil WR-R10\/WR-1<\/td>\n<\/tr>\n<tr>\n<th>Normes Wi-Fi (r\u00e9seau sans fil)<\/th>\n<td>IEEE\u00a0802.11b\/g (protocole de r\u00e9seau sans fil standard)<\/td>\n<\/tr>\n<tr>\n<th>Fr\u00e9quence de fonctionnement Wi-Fi (r\u00e9seau sans fil)<\/th>\n<td>De 2412 \u00e0 2462\u00a0MHz (1 \u00e0 11\u00a0canaux)<\/td>\n<\/tr>\n<tr>\n<th>Intensit\u00e9 maximale du Wi-Fi (r\u00e9seau sans fil)<\/th>\n<td>9,2\u00a0dBm (EIRP)<\/td>\n<\/tr>\n<tr>\n<th>S\u00e9curit\u00e9 Wi-Fi (r\u00e9seau sans fil)<\/th>\n<td>Syst\u00e8me ouvert, WPA2-PSK<\/td>\n<\/tr>\n<tr>\n<th>Normes Bluetooth<\/th>\n<td>Bluetooth Specification Version 4.1\u00a0; fr\u00e9quence de fonctionnement\u00a0: Bluetooth et Bluetooth low energy\u00a0: de 2402 \u00e0 2480\u00a0MHz\u00a0; intensit\u00e9 maximale (EIRP)\u00a0: 7,2\u00a0dBm (Bluetooth et Bluetooth low energy)<\/td>\n<\/tr>\n<tr>\n<th>Sources d&#8217;alimentation<\/th>\n<td>Un accumulateur Li-ion EN-EL20a (fourni), un adaptateur secteur EH-5d\u00a0; n\u00e9cessite le connecteur d\u2019alimentation EP-5C (disponible s\u00e9par\u00e9ment)<\/td>\n<\/tr>\n<tr>\n<th>Temps de charge<\/th>\n<td>Environ 3\u00a0heures (avec l\u2019adaptateur de charge EH-73P\/EH-73PCH lorsque l\u2019accumulateur est enti\u00e8rement d\u00e9charg\u00e9)<\/td>\n<\/tr>\n<tr>\n<th>Autonomie de l&#8217;accumulateur \/ des piles<\/th>\n<td>Environ 290\u00a0images avec un accumulateur EN-EL20a<a href=\"https:\/\/www.nikon.fr\/fr_FR\/product\/digital-cameras\/coolpix\/bridge-zoom\/coolpix-p950#specFootnote4\">4<\/a><\/td>\n<\/tr>\n<tr>\n<th>Autonomie r\u00e9elle de l&#8217;accumulateur (enregistrement vid\u00e9o)<\/th>\n<td>Environ 1\u00a0h\u00a020\u00a0min avec un accumulateur EN-EL20a<a href=\"https:\/\/www.nikon.fr\/fr_FR\/product\/digital-cameras\/coolpix\/bridge-zoom\/coolpix-p950#specFootnote4\">4<\/a><a href=\"https:\/\/www.nikon.fr\/fr_FR\/product\/digital-cameras\/coolpix\/bridge-zoom\/coolpix-p950#specFootnote5\">5<\/a><\/td>\n<\/tr>\n<tr>\n<th>Filetage pour fixation sur tr\u00e9pied<\/th>\n<td>1\/4 (ISO\u00a01222)<\/td>\n<\/tr>\n<tr>\n<th>Dimensions (L x H x P)<\/th>\n<td>Environ 140,2\u00a0\u00d7\u00a0109,6\u00a0\u00d7\u00a0149,8\u00a0mm, hors parties saillantes<\/td>\n<\/tr>\n<tr>\n<th>Poids<\/th>\n<td>Environ 1005\u00a0g (avec accumulateur et carte m\u00e9moire)<\/td>\n<\/tr>\n<tr>\n<th>Conditions de fonctionnement &#8211; Temp\u00e9rature<\/th>\n<td>De 0\u00a0\u00b0C \u00e0 40\u00a0\u00b0C<\/td>\n<\/tr>\n<tr>\n<th>Conditions de fonctionnement &#8211; Humidit\u00e9<\/th>\n<td>85\u00a0% ou moins (sans condensation)<\/td>\n<\/tr>\n<tr>\n<th>Accessoires fournis<\/th>\n<td>Courroie, bouchon d\u2019objectif LC-67, accumulateur Li-ion EN-EL20a, adaptateur de charge EH-73P (Un adaptateur de prise secteur peut \u00eatre inclus selon le pays ou la r\u00e9gion d\u2019achat. Sa forme varie en fonction du pays ou de la r\u00e9gion d\u2019achat.), c\u00e2ble\u00a0USB UC-E21, parasoleil HN-CP20<\/td>\n<\/tr>\n<\/tbody>\n<\/table>\n<ul>\n<li><em>\u00b9 Le grossissement r\u00e9alis\u00e9 avec la fonction Dynamic Fine Zoom est calcul\u00e9 sur la base de la totalit\u00e9 des zooms \u00e9lectronique et optique en position grand-angle maximale.<\/em><br \/>\n<em>\u00b2 En s\u00e9lectionnant un mode Sc\u00e8ne parmi Paysage urbain (par d\u00e9faut), Paysage, Coucher de soleil, Ciel nocturne et Fil\u00e9s d\u2019\u00e9toiles, l\u2019intervalle de prise de vue le plus appropri\u00e9 est automatiquement d\u00e9fini.<\/em><br \/>\n<em>\u00b3 Selon les normes CIPA.<br \/>\n\u2074 L\u2019autonomie de l\u2019accumulateur ne refl\u00e8te pas l\u2019utilisation de SnapBridge et peut varier selon les conditions d\u2019utilisation, telles que la temp\u00e9rature, l\u2019intervalle entre les prises de vue ou la dur\u00e9e d\u2019affichage des menus et des images.<br \/>\n\u2075 La dur\u00e9e maximale d\u2019enregistrement par vid\u00e9o est de 29\u00a0minutes, m\u00eame lorsque la carte m\u00e9moire dispose d\u2019un espace libre important. La taille maximale d\u2019un fichier vid\u00e9o est de 4\u00a0Go. Si le fichier d\u00e9passe les 4\u00a0Go pour une dur\u00e9e d\u2019enregistrement inf\u00e9rieure \u00e0 29\u00a0minutes, il est fractionn\u00e9 en plusieurs fichiers et ne peut pas \u00eatre lu en continu. L\u2019enregistrement peut prendre fin avant que la dur\u00e9e d\u2019enregistrement maximale ne soit atteinte si la temp\u00e9rature de l&#8217;appareil photo devient \u00e9lev\u00e9e.<\/em><\/li>\n<\/ul>\n","protected":false},"excerpt":{"rendered":"<p>Avec sa plage de focales allant de 24 \u00e0 2000 mm, ce super-zoom COOLPIX vous place au c\u0153ur de chaque sc\u00e8ne. Agrandissez le cadre pour saisir l\u2019intensit\u00e9 d\u2019un orage frappant l\u2019oc\u00e9an. Zoomez pour r\u00e9aliser un gros plan parfaitement net d\u2019un animal au loin. La fonction Dynamic Fine Zoom 166\u00d7 \u00e9tend la limite d\u2019agrandissement jusqu\u2019\u00e0 4000 mm<\/p>\n","protected":false},"featured_media":2039,"template":"","meta":{"_seopress_robots_primary_cat":"","_seopress_titles_title":"","_seopress_titles_desc":"","_seopress_robots_index":"","_monsterinsights_skip_tracking":false,"_monsterinsights_sitenote_active":false,"_monsterinsights_sitenote_note":"","_monsterinsights_sitenote_category":0,"site-sidebar-layout":"default","site-content-layout":"default","ast-global-header-display":"","ast-main-header-display":"","ast-hfb-above-header-display":"","ast-hfb-below-header-display":"","ast-hfb-mobile-header-display":"","site-post-title":"","ast-breadcrumbs-content":"","ast-featured-img":"","footer-sml-layout":"","theme-transparent-header-meta":"default","adv-header-id-meta":"","stick-header-meta":"","header-above-stick-meta":"","header-main-stick-meta":"","header-below-stick-meta":""},"product_cat":[16,24],"product_tag":[],"yoast_head":"<!-- This site is optimized with the Yoast SEO plugin v22.2 - https:\/\/yoast.com\/wordpress\/plugins\/seo\/ -->\n<title>NIKON P950 - Photo Polyn\u00e9sie<\/title>\n<meta name=\"robots\" content=\"index, follow, max-snippet:-1, max-image-preview:large, max-video-preview:-1\" \/>\n<link rel=\"canonical\" href=\"https:\/\/photo-polynesie.com\/index.php\/produit\/nikon-p950\/\" \/>\n<meta property=\"og:locale\" content=\"en_US\" \/>\n<meta property=\"og:type\" content=\"article\" \/>\n<meta property=\"og:title\" content=\"NIKON P950 - Photo Polyn\u00e9sie\" \/>\n<meta property=\"og:description\" content=\"Avec sa plage de focales allant de 24 \u00e0 2000 mm, ce super-zoom COOLPIX vous place au c\u0153ur de chaque sc\u00e8ne. Agrandissez le cadre pour saisir l\u2019intensit\u00e9 d\u2019un orage frappant l\u2019oc\u00e9an. Zoomez pour r\u00e9aliser un gros plan parfaitement net d\u2019un animal au loin. La fonction Dynamic Fine Zoom 166\u00d7 \u00e9tend la limite d\u2019agrandissement jusqu\u2019\u00e0 4000 mm\" \/>\n<meta property=\"og:url\" content=\"https:\/\/photo-polynesie.com\/index.php\/produit\/nikon-p950\/\" \/>\n<meta property=\"og:site_name\" content=\"Photo Polyn\u00e9sie\" \/>\n<meta property=\"article:modified_time\" content=\"2022-03-23T21:47:50+00:00\" \/>\n<meta property=\"og:image\" content=\"https:\/\/photo-polynesie.com\/wp-content\/uploads\/2022\/03\/nikon-coolpix-p950.png\" \/>\n\t<meta property=\"og:image:width\" content=\"433\" \/>\n\t<meta property=\"og:image:height\" content=\"472\" \/>\n\t<meta property=\"og:image:type\" content=\"image\/png\" \/>\n<meta name=\"twitter:card\" content=\"summary_large_image\" \/>\n<meta name=\"twitter:label1\" content=\"Est. reading time\" \/>\n\t<meta name=\"twitter:data1\" content=\"6 minutes\" \/>\n<script type=\"application\/ld+json\" class=\"yoast-schema-graph\">{\"@context\":\"https:\/\/schema.org\",\"@graph\":[{\"@type\":\"WebPage\",\"@id\":\"https:\/\/photo-polynesie.com\/index.php\/produit\/nikon-p950\/\",\"url\":\"https:\/\/photo-polynesie.com\/index.php\/produit\/nikon-p950\/\",\"name\":\"NIKON P950 - Photo Polyn\u00e9sie\",\"isPartOf\":{\"@id\":\"https:\/\/photo-polynesie.com\/#website\"},\"primaryImageOfPage\":{\"@id\":\"https:\/\/photo-polynesie.com\/index.php\/produit\/nikon-p950\/#primaryimage\"},\"image\":{\"@id\":\"https:\/\/photo-polynesie.com\/index.php\/produit\/nikon-p950\/#primaryimage\"},\"thumbnailUrl\":\"https:\/\/photo-polynesie.com\/wp-content\/uploads\/2022\/03\/nikon-coolpix-p950.png\",\"datePublished\":\"2020-07-18T06:45:56+00:00\",\"dateModified\":\"2022-03-23T21:47:50+00:00\",\"breadcrumb\":{\"@id\":\"https:\/\/photo-polynesie.com\/index.php\/produit\/nikon-p950\/#breadcrumb\"},\"inLanguage\":\"en-US\",\"potentialAction\":[{\"@type\":\"ReadAction\",\"target\":[\"https:\/\/photo-polynesie.com\/index.php\/produit\/nikon-p950\/\"]}]},{\"@type\":\"ImageObject\",\"inLanguage\":\"en-US\",\"@id\":\"https:\/\/photo-polynesie.com\/index.php\/produit\/nikon-p950\/#primaryimage\",\"url\":\"https:\/\/photo-polynesie.com\/wp-content\/uploads\/2022\/03\/nikon-coolpix-p950.png\",\"contentUrl\":\"https:\/\/photo-polynesie.com\/wp-content\/uploads\/2022\/03\/nikon-coolpix-p950.png\",\"width\":433,\"height\":472},{\"@type\":\"BreadcrumbList\",\"@id\":\"https:\/\/photo-polynesie.com\/index.php\/produit\/nikon-p950\/#breadcrumb\",\"itemListElement\":[{\"@type\":\"ListItem\",\"position\":1,\"name\":\"Accueil\",\"item\":\"https:\/\/photo-polynesie.com\/\"},{\"@type\":\"ListItem\",\"position\":2,\"name\":\"Products\",\"item\":\"https:\/\/photo-polynesie.com\/index.php\/shop\/\"},{\"@type\":\"ListItem\",\"position\":3,\"name\":\"NIKON P950\"}]},{\"@type\":\"WebSite\",\"@id\":\"https:\/\/photo-polynesie.com\/#website\",\"url\":\"https:\/\/photo-polynesie.com\/\",\"name\":\"Photo Polyn\u00e9sie\",\"description\":\"Votre distributeur Nikon en Polyn\u00e9sie !\",\"publisher\":{\"@id\":\"https:\/\/photo-polynesie.com\/#organization\"},\"potentialAction\":[{\"@type\":\"SearchAction\",\"target\":{\"@type\":\"EntryPoint\",\"urlTemplate\":\"https:\/\/photo-polynesie.com\/?s={search_term_string}\"},\"query-input\":\"required name=search_term_string\"}],\"inLanguage\":\"en-US\"},{\"@type\":\"Organization\",\"@id\":\"https:\/\/photo-polynesie.com\/#organization\",\"name\":\"Photo Polyn\u00e9sie\",\"url\":\"https:\/\/photo-polynesie.com\/\",\"logo\":{\"@type\":\"ImageObject\",\"inLanguage\":\"en-US\",\"@id\":\"https:\/\/photo-polynesie.com\/#\/schema\/logo\/image\/\",\"url\":\"https:\/\/photo-polynesie.com\/wp-content\/uploads\/2020\/08\/Noir_et_Cercle_Turquoise_Remise_en_Forme_Fitness_Logo_2_-removebg-preview.png\",\"contentUrl\":\"https:\/\/photo-polynesie.com\/wp-content\/uploads\/2020\/08\/Noir_et_Cercle_Turquoise_Remise_en_Forme_Fitness_Logo_2_-removebg-preview.png\",\"width\":500,\"height\":500,\"caption\":\"Photo Polyn\u00e9sie\"},\"image\":{\"@id\":\"https:\/\/photo-polynesie.com\/#\/schema\/logo\/image\/\"}}]}<\/script>\n<!-- \/ Yoast SEO plugin. -->","yoast_head_json":{"title":"NIKON P950 - Photo Polyn\u00e9sie","robots":{"index":"index","follow":"follow","max-snippet":"max-snippet:-1","max-image-preview":"max-image-preview:large","max-video-preview":"max-video-preview:-1"},"canonical":"https:\/\/photo-polynesie.com\/index.php\/produit\/nikon-p950\/","og_locale":"en_US","og_type":"article","og_title":"NIKON P950 - Photo Polyn\u00e9sie","og_description":"Avec sa plage de focales allant de 24 \u00e0 2000 mm, ce super-zoom COOLPIX vous place au c\u0153ur de chaque sc\u00e8ne. Agrandissez le cadre pour saisir l\u2019intensit\u00e9 d\u2019un orage frappant l\u2019oc\u00e9an. Zoomez pour r\u00e9aliser un gros plan parfaitement net d\u2019un animal au loin. La fonction Dynamic Fine Zoom 166\u00d7 \u00e9tend la limite d\u2019agrandissement jusqu\u2019\u00e0 4000 mm","og_url":"https:\/\/photo-polynesie.com\/index.php\/produit\/nikon-p950\/","og_site_name":"Photo Polyn\u00e9sie","article_modified_time":"2022-03-23T21:47:50+00:00","og_image":[{"width":433,"height":472,"url":"https:\/\/photo-polynesie.com\/wp-content\/uploads\/2022\/03\/nikon-coolpix-p950.png","type":"image\/png"}],"twitter_card":"summary_large_image","twitter_misc":{"Est. reading time":"6 minutes"},"schema":{"@context":"https:\/\/schema.org","@graph":[{"@type":"WebPage","@id":"https:\/\/photo-polynesie.com\/index.php\/produit\/nikon-p950\/","url":"https:\/\/photo-polynesie.com\/index.php\/produit\/nikon-p950\/","name":"NIKON P950 - Photo Polyn\u00e9sie","isPartOf":{"@id":"https:\/\/photo-polynesie.com\/#website"},"primaryImageOfPage":{"@id":"https:\/\/photo-polynesie.com\/index.php\/produit\/nikon-p950\/#primaryimage"},"image":{"@id":"https:\/\/photo-polynesie.com\/index.php\/produit\/nikon-p950\/#primaryimage"},"thumbnailUrl":"https:\/\/photo-polynesie.com\/wp-content\/uploads\/2022\/03\/nikon-coolpix-p950.png","datePublished":"2020-07-18T06:45:56+00:00","dateModified":"2022-03-23T21:47:50+00:00","breadcrumb":{"@id":"https:\/\/photo-polynesie.com\/index.php\/produit\/nikon-p950\/#breadcrumb"},"inLanguage":"en-US","potentialAction":[{"@type":"ReadAction","target":["https:\/\/photo-polynesie.com\/index.php\/produit\/nikon-p950\/"]}]},{"@type":"ImageObject","inLanguage":"en-US","@id":"https:\/\/photo-polynesie.com\/index.php\/produit\/nikon-p950\/#primaryimage","url":"https:\/\/photo-polynesie.com\/wp-content\/uploads\/2022\/03\/nikon-coolpix-p950.png","contentUrl":"https:\/\/photo-polynesie.com\/wp-content\/uploads\/2022\/03\/nikon-coolpix-p950.png","width":433,"height":472},{"@type":"BreadcrumbList","@id":"https:\/\/photo-polynesie.com\/index.php\/produit\/nikon-p950\/#breadcrumb","itemListElement":[{"@type":"ListItem","position":1,"name":"Accueil","item":"https:\/\/photo-polynesie.com\/"},{"@type":"ListItem","position":2,"name":"Products","item":"https:\/\/photo-polynesie.com\/index.php\/shop\/"},{"@type":"ListItem","position":3,"name":"NIKON P950"}]},{"@type":"WebSite","@id":"https:\/\/photo-polynesie.com\/#website","url":"https:\/\/photo-polynesie.com\/","name":"Photo Polyn\u00e9sie","description":"Votre distributeur Nikon en Polyn\u00e9sie !","publisher":{"@id":"https:\/\/photo-polynesie.com\/#organization"},"potentialAction":[{"@type":"SearchAction","target":{"@type":"EntryPoint","urlTemplate":"https:\/\/photo-polynesie.com\/?s={search_term_string}"},"query-input":"required name=search_term_string"}],"inLanguage":"en-US"},{"@type":"Organization","@id":"https:\/\/photo-polynesie.com\/#organization","name":"Photo Polyn\u00e9sie","url":"https:\/\/photo-polynesie.com\/","logo":{"@type":"ImageObject","inLanguage":"en-US","@id":"https:\/\/photo-polynesie.com\/#\/schema\/logo\/image\/","url":"https:\/\/photo-polynesie.com\/wp-content\/uploads\/2020\/08\/Noir_et_Cercle_Turquoise_Remise_en_Forme_Fitness_Logo_2_-removebg-preview.png","contentUrl":"https:\/\/photo-polynesie.com\/wp-content\/uploads\/2020\/08\/Noir_et_Cercle_Turquoise_Remise_en_Forme_Fitness_Logo_2_-removebg-preview.png","width":500,"height":500,"caption":"Photo Polyn\u00e9sie"},"image":{"@id":"https:\/\/photo-polynesie.com\/#\/schema\/logo\/image\/"}}]}},"_links":{"self":[{"href":"https:\/\/photo-polynesie.com\/index.php\/wp-json\/wp\/v2\/product\/1692"}],"collection":[{"href":"https:\/\/photo-polynesie.com\/index.php\/wp-json\/wp\/v2\/product"}],"about":[{"href":"https:\/\/photo-polynesie.com\/index.php\/wp-json\/wp\/v2\/types\/product"}],"version-history":[{"count":2,"href":"https:\/\/photo-polynesie.com\/index.php\/wp-json\/wp\/v2\/product\/1692\/revisions"}],"predecessor-version":[{"id":2040,"href":"https:\/\/photo-polynesie.com\/index.php\/wp-json\/wp\/v2\/product\/1692\/revisions\/2040"}],"wp:featuredmedia":[{"embeddable":true,"href":"https:\/\/photo-polynesie.com\/index.php\/wp-json\/wp\/v2\/media\/2039"}],"wp:attachment":[{"href":"https:\/\/photo-polynesie.com\/index.php\/wp-json\/wp\/v2\/media?parent=1692"}],"wp:term":[{"taxonomy":"product_cat","embeddable":true,"href":"https:\/\/photo-polynesie.com\/index.php\/wp-json\/wp\/v2\/product_cat?post=1692"},{"taxonomy":"product_tag","embeddable":true,"href":"https:\/\/photo-polynesie.com\/index.php\/wp-json\/wp\/v2\/product_tag?post=1692"}],"curies":[{"name":"wp","href":"https:\/\/api.w.org\/{rel}","templated":true}]}}