{"id":1079,"date":"2019-01-23T06:31:31","date_gmt":"2019-01-23T06:31:31","guid":{"rendered":"http:\/\/photo-polynesie.com\/index.php\/about-us\/"},"modified":"2020-09-07T03:44:25","modified_gmt":"2020-09-07T01:44:25","slug":"about-us","status":"publish","type":"page","link":"https:\/\/photo-polynesie.com\/index.php\/about-us\/","title":{"rendered":"About Us"},"content":{"rendered":"\t\t<div data-elementor-type=\"wp-post\" data-elementor-id=\"1079\" class=\"elementor elementor-1079\">\n\t\t\t\t\t\t<section class=\"elementor-section elementor-top-section elementor-element elementor-element-6ccdc95 elementor-section-content-middle elementor-section-height-min-height elementor-section-boxed elementor-section-height-default elementor-section-items-middle\" data-id=\"6ccdc95\" data-element_type=\"section\" data-settings=\"{&quot;background_background&quot;:&quot;classic&quot;}\">\n\t\t\t\t\t\t\t<div class=\"elementor-background-overlay\"><\/div>\n\t\t\t\t\t\t\t<div class=\"elementor-container elementor-column-gap-no\">\n\t\t\t\t\t<div class=\"elementor-column elementor-col-100 elementor-top-column elementor-element elementor-element-f83126b\" data-id=\"f83126b\" data-element_type=\"column\">\n\t\t\t<div class=\"elementor-widget-wrap elementor-element-populated\">\n\t\t\t\t\t\t<div class=\"elementor-element elementor-element-5b82bac elementor-absolute elementor-hidden-desktop elementor-hidden-tablet elementor-widget elementor-widget-heading\" data-id=\"5b82bac\" data-element_type=\"widget\" data-settings=\"{&quot;_position&quot;:&quot;absolute&quot;}\" data-widget_type=\"heading.default\">\n\t\t\t\t<div class=\"elementor-widget-container\">\n\t\t\t\t\t<h2 class=\"elementor-heading-title elementor-size-default\">A Propos<\/h2>\t\t\t\t<\/div>\n\t\t\t\t<\/div>\n\t\t\t\t<div class=\"elementor-element elementor-element-6927795 elementor-absolute elementor-hidden-phone elementor-widget elementor-widget-heading\" data-id=\"6927795\" data-element_type=\"widget\" data-settings=\"{&quot;_position&quot;:&quot;absolute&quot;}\" data-widget_type=\"heading.default\">\n\t\t\t\t<div class=\"elementor-widget-container\">\n\t\t\t\t\t<h2 class=\"elementor-heading-title elementor-size-default\">A PROPOS<\/h2>\t\t\t\t<\/div>\n\t\t\t\t<\/div>\n\t\t\t\t\t<\/div>\n\t\t<\/div>\n\t\t\t\t\t<\/div>\n\t\t<\/section>\n\t\t\t\t<section class=\"elementor-section elementor-top-section elementor-element elementor-element-a400379 elementor-section-content-middle elementor-section-boxed elementor-section-height-default elementor-section-height-default\" data-id=\"a400379\" data-element_type=\"section\" data-settings=\"{&quot;background_background&quot;:&quot;classic&quot;}\">\n\t\t\t\t\t\t<div class=\"elementor-container elementor-column-gap-no\">\n\t\t\t\t\t<div class=\"elementor-column elementor-col-100 elementor-top-column elementor-element elementor-element-c9222c3\" data-id=\"c9222c3\" data-element_type=\"column\">\n\t\t\t<div class=\"elementor-widget-wrap elementor-element-populated\">\n\t\t\t\t\t\t<div class=\"elementor-element elementor-element-7e489a2 elementor-widget elementor-widget-heading\" data-id=\"7e489a2\" data-element_type=\"widget\" data-widget_type=\"heading.default\">\n\t\t\t\t<div class=\"elementor-widget-container\">\n\t\t\t\t\t<h2 class=\"elementor-heading-title elementor-size-default\">Notre entreprise :<\/h2>\t\t\t\t<\/div>\n\t\t\t\t<\/div>\n\t\t\t\t<div class=\"elementor-element elementor-element-b2657e0 elementor-widget elementor-widget-text-editor\" data-id=\"b2657e0\" data-element_type=\"widget\" data-widget_type=\"text-editor.default\">\n\t\t\t\t<div class=\"elementor-widget-container\">\n\t\t\t\t\t\t\t\t\t<p>Depuis plus de 20 ans Photo Polyn\u00e9sie accompagne les passionn\u00e9s de la photo et de la vid\u00e9o. <\/p>\t\t\t\t\t\t\t\t<\/div>\n\t\t\t\t<\/div>\n\t\t\t\t\t<\/div>\n\t\t<\/div>\n\t\t\t\t\t<\/div>\n\t\t<\/section>\n\t\t\t\t<section class=\"elementor-section elementor-top-section elementor-element elementor-element-f64e272 elementor-section-content-middle elementor-section-boxed elementor-section-height-default elementor-section-height-default\" data-id=\"f64e272\" data-element_type=\"section\" data-settings=\"{&quot;background_background&quot;:&quot;classic&quot;}\">\n\t\t\t\t\t\t\t<div class=\"elementor-background-overlay\"><\/div>\n\t\t\t\t\t\t\t<div class=\"elementor-container elementor-column-gap-no\">\n\t\t\t\t\t<div class=\"elementor-column elementor-col-100 elementor-top-column elementor-element elementor-element-fc33e9d\" data-id=\"fc33e9d\" data-element_type=\"column\">\n\t\t\t<div class=\"elementor-widget-wrap elementor-element-populated\">\n\t\t\t\t\t\t<div class=\"elementor-element elementor-element-0277a21 elementor-widget elementor-widget-heading\" data-id=\"0277a21\" data-element_type=\"widget\" data-widget_type=\"heading.default\">\n\t\t\t\t<div class=\"elementor-widget-container\">\n\t\t\t\t\t<h4 class=\"elementor-heading-title elementor-size-default\">EXPERT<\/h4>\t\t\t\t<\/div>\n\t\t\t\t<\/div>\n\t\t\t\t<div class=\"elementor-element elementor-element-66c4eb3 elementor-widget__width-initial elementor-widget elementor-widget-heading\" data-id=\"66c4eb3\" data-element_type=\"widget\" data-widget_type=\"heading.default\">\n\t\t\t\t<div class=\"elementor-widget-container\">\n\t\t\t\t\t<h1 class=\"elementor-heading-title elementor-size-default\">Repr\u00e9sentant officiel en Polyn\u00e9sie Fran\u00e7aise<\/h1>\t\t\t\t<\/div>\n\t\t\t\t<\/div>\n\t\t\t\t<div class=\"elementor-element elementor-element-5812487 elementor-widget-divider--view-line elementor-widget elementor-widget-divider\" data-id=\"5812487\" data-element_type=\"widget\" data-widget_type=\"divider.default\">\n\t\t\t\t<div class=\"elementor-widget-container\">\n\t\t\t\t\t\t\t<div class=\"elementor-divider\">\n\t\t\t<span class=\"elementor-divider-separator\">\n\t\t\t\t\t\t<\/span>\n\t\t<\/div>\n\t\t\t\t\t\t<\/div>\n\t\t\t\t<\/div>\n\t\t\t\t<div class=\"elementor-element elementor-element-615e54b elementor-widget elementor-widget-text-editor\" data-id=\"615e54b\" data-element_type=\"widget\" data-widget_type=\"text-editor.default\">\n\t\t\t\t<div class=\"elementor-widget-container\">\n\t\t\t\t\t\t\t\t\t<p>B\u00e9n\u00e9ficiez de conseils d&#8217;<span class=\"ver\" title=\"Normalement, le mot &lt;i&gt;et&lt;\/i&gt; n'est pas pr\u00e9c\u00e9d\u00e9 d'une virgule.\">experts, et<\/span> d&#8217;un large <span class=\"ver\" title=\"L'adjectif doit probablement \u00eatre au masculin, par ex.: &lt;i&gt;un probl\u00e8me int\u00e9ressan&lt;b&gt;t&lt;\/b&gt;&lt;\/i&gt;.\">choix de mat\u00e9riel de grande<\/span> qualit\u00e9.<\/p><p><span class=\"spellver\" title=\"SAC, AV, SA, SAS, SA\u00cf\">SAV<\/span> OFFICIEL <span class=\"spellver\" title=\"NIONS, MITON, NIIONS, NYLON, NICOL, MICRON, MIMONS, MINONS, MIRONS, MISONS, MITONS, MIXONS, N'IRONS, NIPPONS, NYLONS, NICOLS\">NIKON.<\/span><\/p>\t\t\t\t\t\t\t\t<\/div>\n\t\t\t\t<\/div>\n\t\t\t\t<div class=\"elementor-element elementor-element-87154f7 elementor-align-left elementor-mobile-align-center elementor-tablet-align-center elementor-widget elementor-widget-button\" data-id=\"87154f7\" data-element_type=\"widget\" data-widget_type=\"button.default\">\n\t\t\t\t<div class=\"elementor-widget-container\">\n\t\t\t\t\t\t\t\t\t<div class=\"elementor-button-wrapper\">\n\t\t\t\t\t<a class=\"elementor-button elementor-button-link elementor-size-sm\" href=\"http:\/\/photo-polynesie.com\/index.php\/contact-us\/\">\n\t\t\t\t\t\t<span class=\"elementor-button-content-wrapper\">\n\t\t\t\t\t\t\t\t\t<span class=\"elementor-button-text\">Nous contacter<\/span>\n\t\t\t\t\t<\/span>\n\t\t\t\t\t<\/a>\n\t\t\t\t<\/div>\n\t\t\t\t\t\t\t\t<\/div>\n\t\t\t\t<\/div>\n\t\t\t\t\t<\/div>\n\t\t<\/div>\n\t\t\t\t\t<\/div>\n\t\t<\/section>\n\t\t\t\t<section class=\"elementor-section elementor-top-section elementor-element elementor-element-dc6a4e3 elementor-section-boxed elementor-section-height-default elementor-section-height-default\" data-id=\"dc6a4e3\" data-element_type=\"section\" data-settings=\"{&quot;background_background&quot;:&quot;classic&quot;}\">\n\t\t\t\t\t\t<div class=\"elementor-container elementor-column-gap-no\">\n\t\t\t\t\t<div class=\"elementor-column elementor-col-100 elementor-top-column elementor-element elementor-element-0e2a233\" data-id=\"0e2a233\" data-element_type=\"column\">\n\t\t\t<div class=\"elementor-widget-wrap elementor-element-populated\">\n\t\t\t\t\t\t<div class=\"elementor-element elementor-element-e075a06 elementor-widget elementor-widget-heading\" data-id=\"e075a06\" data-element_type=\"widget\" data-widget_type=\"heading.default\">\n\t\t\t\t<div class=\"elementor-widget-container\">\n\t\t\t\t\t<h2 class=\"elementor-heading-title elementor-size-default\">Vous \u00eates int\u00e9ress\u00e9s ?\nD\u00e9couvrez d\u00e8s maintenant nos meilleurs produits.<\/h2>\t\t\t\t<\/div>\n\t\t\t\t<\/div>\n\t\t\t\t<div class=\"elementor-element elementor-element-f5c8852 elementor-mobile-align-center elementor-align-center elementor-widget elementor-widget-button\" data-id=\"f5c8852\" data-element_type=\"widget\" data-widget_type=\"button.default\">\n\t\t\t\t<div class=\"elementor-widget-container\">\n\t\t\t\t\t\t\t\t\t<div class=\"elementor-button-wrapper\">\n\t\t\t\t\t<a class=\"elementor-button elementor-button-link elementor-size-md\" href=\"http:\/\/photo-polynesie.com\/index.php\/store\/\">\n\t\t\t\t\t\t<span class=\"elementor-button-content-wrapper\">\n\t\t\t\t\t\t\t\t\t<span class=\"elementor-button-text\">Go to Store<\/span>\n\t\t\t\t\t<\/span>\n\t\t\t\t\t<\/a>\n\t\t\t\t<\/div>\n\t\t\t\t\t\t\t\t<\/div>\n\t\t\t\t<\/div>\n\t\t\t\t<div class=\"elementor-element elementor-element-83eeb72 elementor-widget elementor-widget-spacer\" data-id=\"83eeb72\" data-element_type=\"widget\" data-widget_type=\"spacer.default\">\n\t\t\t\t<div class=\"elementor-widget-container\">\n\t\t\t\t\t\t\t<div class=\"elementor-spacer\">\n\t\t\t<div class=\"elementor-spacer-inner\"><\/div>\n\t\t<\/div>\n\t\t\t\t\t\t<\/div>\n\t\t\t\t<\/div>\n\t\t\t\t<div class=\"elementor-element elementor-element-534ed77 elementor-widget elementor-widget-spacer\" data-id=\"534ed77\" data-element_type=\"widget\" data-widget_type=\"spacer.default\">\n\t\t\t\t<div class=\"elementor-widget-container\">\n\t\t\t\t\t\t\t<div class=\"elementor-spacer\">\n\t\t\t<div class=\"elementor-spacer-inner\"><\/div>\n\t\t<\/div>\n\t\t\t\t\t\t<\/div>\n\t\t\t\t<\/div>\n\t\t\t\t\t<\/div>\n\t\t<\/div>\n\t\t\t\t\t<\/div>\n\t\t<\/section>\n\t\t\t\t<\/div>\n\t\t","protected":false},"excerpt":{"rendered":"<p>A Propos A PROPOS Notre entreprise : Depuis plus de 20 ans Photo Polyn\u00e9sie accompagne les passionn\u00e9s de la photo et de la vid\u00e9o. EXPERT Repr\u00e9sentant officiel en Polyn\u00e9sie Fran\u00e7aise B\u00e9n\u00e9ficiez de conseils d&#8217;experts, et d&#8217;un large choix de mat\u00e9riel de grande qualit\u00e9. SAV OFFICIEL NIKON. Nous contacter Vous \u00eates int\u00e9ress\u00e9s ? D\u00e9couvrez d\u00e8s maintenant &hellip;<\/p>\n<p class=\"read-more\"> <a class=\"\" href=\"https:\/\/photo-polynesie.com\/index.php\/about-us\/\"> <span class=\"screen-reader-text\">About Us<\/span> Read More &raquo;<\/a><\/p>\n","protected":false},"author":1,"featured_media":0,"parent":0,"menu_order":0,"comment_status":"closed","ping_status":"closed","template":"","meta":{"_seopress_robots_primary_cat":"","_seopress_titles_title":"","_seopress_titles_desc":"","_seopress_robots_index":"","_monsterinsights_skip_tracking":false,"_monsterinsights_sitenote_active":false,"_monsterinsights_sitenote_note":"","_monsterinsights_sitenote_category":0,"site-sidebar-layout":"no-sidebar","site-content-layout":"page-builder","ast-global-header-display":"","ast-main-header-display":"","ast-hfb-above-header-display":"","ast-hfb-below-header-display":"","ast-hfb-mobile-header-display":"","site-post-title":"disabled","ast-breadcrumbs-content":"","ast-featured-img":"disabled","footer-sml-layout":"","theme-transparent-header-meta":"enabled","adv-header-id-meta":"","stick-header-meta":"","header-above-stick-meta":"","header-main-stick-meta":"","header-below-stick-meta":"","footnotes":""},"yoast_head":"<!-- This site is optimized with the Yoast SEO plugin v22.2 - https:\/\/yoast.com\/wordpress\/plugins\/seo\/ -->\n<title>About Us - Photo Polyn\u00e9sie<\/title>\n<meta name=\"robots\" content=\"index, follow, max-snippet:-1, max-image-preview:large, max-video-preview:-1\" \/>\n<link rel=\"canonical\" href=\"https:\/\/photo-polynesie.com\/index.php\/about-us\/\" \/>\n<meta property=\"og:locale\" content=\"en_US\" \/>\n<meta property=\"og:type\" content=\"article\" \/>\n<meta property=\"og:title\" content=\"About Us - Photo Polyn\u00e9sie\" \/>\n<meta property=\"og:description\" content=\"A Propos A PROPOS Notre entreprise : Depuis plus de 20 ans Photo Polyn\u00e9sie accompagne les passionn\u00e9s de la photo et de la vid\u00e9o. EXPERT Repr\u00e9sentant officiel en Polyn\u00e9sie Fran\u00e7aise B\u00e9n\u00e9ficiez de conseils d&#8217;experts, et d&#8217;un large choix de mat\u00e9riel de grande qualit\u00e9. SAV OFFICIEL NIKON. Nous contacter Vous \u00eates int\u00e9ress\u00e9s ? D\u00e9couvrez d\u00e8s maintenant &hellip; About Us Read More &raquo;\" \/>\n<meta property=\"og:url\" content=\"https:\/\/photo-polynesie.com\/index.php\/about-us\/\" \/>\n<meta property=\"og:site_name\" content=\"Photo Polyn\u00e9sie\" \/>\n<meta property=\"article:modified_time\" content=\"2020-09-07T01:44:25+00:00\" \/>\n<meta name=\"twitter:card\" content=\"summary_large_image\" \/>\n<script type=\"application\/ld+json\" class=\"yoast-schema-graph\">{\"@context\":\"https:\/\/schema.org\",\"@graph\":[{\"@type\":\"WebPage\",\"@id\":\"https:\/\/photo-polynesie.com\/index.php\/about-us\/\",\"url\":\"https:\/\/photo-polynesie.com\/index.php\/about-us\/\",\"name\":\"About Us - Photo Polyn\u00e9sie\",\"isPartOf\":{\"@id\":\"https:\/\/photo-polynesie.com\/#website\"},\"datePublished\":\"2019-01-23T06:31:31+00:00\",\"dateModified\":\"2020-09-07T01:44:25+00:00\",\"breadcrumb\":{\"@id\":\"https:\/\/photo-polynesie.com\/index.php\/about-us\/#breadcrumb\"},\"inLanguage\":\"en-US\",\"potentialAction\":[{\"@type\":\"ReadAction\",\"target\":[\"https:\/\/photo-polynesie.com\/index.php\/about-us\/\"]}]},{\"@type\":\"BreadcrumbList\",\"@id\":\"https:\/\/photo-polynesie.com\/index.php\/about-us\/#breadcrumb\",\"itemListElement\":[{\"@type\":\"ListItem\",\"position\":1,\"name\":\"Accueil\",\"item\":\"https:\/\/photo-polynesie.com\/\"},{\"@type\":\"ListItem\",\"position\":2,\"name\":\"About Us\"}]},{\"@type\":\"WebSite\",\"@id\":\"https:\/\/photo-polynesie.com\/#website\",\"url\":\"https:\/\/photo-polynesie.com\/\",\"name\":\"Photo Polyn\u00e9sie\",\"description\":\"Votre distributeur Nikon en Polyn\u00e9sie !\",\"publisher\":{\"@id\":\"https:\/\/photo-polynesie.com\/#organization\"},\"potentialAction\":[{\"@type\":\"SearchAction\",\"target\":{\"@type\":\"EntryPoint\",\"urlTemplate\":\"https:\/\/photo-polynesie.com\/?s={search_term_string}\"},\"query-input\":\"required name=search_term_string\"}],\"inLanguage\":\"en-US\"},{\"@type\":\"Organization\",\"@id\":\"https:\/\/photo-polynesie.com\/#organization\",\"name\":\"Photo Polyn\u00e9sie\",\"url\":\"https:\/\/photo-polynesie.com\/\",\"logo\":{\"@type\":\"ImageObject\",\"inLanguage\":\"en-US\",\"@id\":\"https:\/\/photo-polynesie.com\/#\/schema\/logo\/image\/\",\"url\":\"https:\/\/photo-polynesie.com\/wp-content\/uploads\/2020\/08\/Noir_et_Cercle_Turquoise_Remise_en_Forme_Fitness_Logo_2_-removebg-preview.png\",\"contentUrl\":\"https:\/\/photo-polynesie.com\/wp-content\/uploads\/2020\/08\/Noir_et_Cercle_Turquoise_Remise_en_Forme_Fitness_Logo_2_-removebg-preview.png\",\"width\":500,\"height\":500,\"caption\":\"Photo Polyn\u00e9sie\"},\"image\":{\"@id\":\"https:\/\/photo-polynesie.com\/#\/schema\/logo\/image\/\"}}]}<\/script>\n<!-- \/ Yoast SEO plugin. -->","yoast_head_json":{"title":"About Us - Photo Polyn\u00e9sie","robots":{"index":"index","follow":"follow","max-snippet":"max-snippet:-1","max-image-preview":"max-image-preview:large","max-video-preview":"max-video-preview:-1"},"canonical":"https:\/\/photo-polynesie.com\/index.php\/about-us\/","og_locale":"en_US","og_type":"article","og_title":"About Us - Photo Polyn\u00e9sie","og_description":"A Propos A PROPOS Notre entreprise : Depuis plus de 20 ans Photo Polyn\u00e9sie accompagne les passionn\u00e9s de la photo et de la vid\u00e9o. EXPERT Repr\u00e9sentant officiel en Polyn\u00e9sie Fran\u00e7aise B\u00e9n\u00e9ficiez de conseils d&#8217;experts, et d&#8217;un large choix de mat\u00e9riel de grande qualit\u00e9. SAV OFFICIEL NIKON. Nous contacter Vous \u00eates int\u00e9ress\u00e9s ? D\u00e9couvrez d\u00e8s maintenant &hellip; About Us Read More &raquo;","og_url":"https:\/\/photo-polynesie.com\/index.php\/about-us\/","og_site_name":"Photo Polyn\u00e9sie","article_modified_time":"2020-09-07T01:44:25+00:00","twitter_card":"summary_large_image","schema":{"@context":"https:\/\/schema.org","@graph":[{"@type":"WebPage","@id":"https:\/\/photo-polynesie.com\/index.php\/about-us\/","url":"https:\/\/photo-polynesie.com\/index.php\/about-us\/","name":"About Us - Photo Polyn\u00e9sie","isPartOf":{"@id":"https:\/\/photo-polynesie.com\/#website"},"datePublished":"2019-01-23T06:31:31+00:00","dateModified":"2020-09-07T01:44:25+00:00","breadcrumb":{"@id":"https:\/\/photo-polynesie.com\/index.php\/about-us\/#breadcrumb"},"inLanguage":"en-US","potentialAction":[{"@type":"ReadAction","target":["https:\/\/photo-polynesie.com\/index.php\/about-us\/"]}]},{"@type":"BreadcrumbList","@id":"https:\/\/photo-polynesie.com\/index.php\/about-us\/#breadcrumb","itemListElement":[{"@type":"ListItem","position":1,"name":"Accueil","item":"https:\/\/photo-polynesie.com\/"},{"@type":"ListItem","position":2,"name":"About Us"}]},{"@type":"WebSite","@id":"https:\/\/photo-polynesie.com\/#website","url":"https:\/\/photo-polynesie.com\/","name":"Photo Polyn\u00e9sie","description":"Votre distributeur Nikon en Polyn\u00e9sie !","publisher":{"@id":"https:\/\/photo-polynesie.com\/#organization"},"potentialAction":[{"@type":"SearchAction","target":{"@type":"EntryPoint","urlTemplate":"https:\/\/photo-polynesie.com\/?s={search_term_string}"},"query-input":"required name=search_term_string"}],"inLanguage":"en-US"},{"@type":"Organization","@id":"https:\/\/photo-polynesie.com\/#organization","name":"Photo Polyn\u00e9sie","url":"https:\/\/photo-polynesie.com\/","logo":{"@type":"ImageObject","inLanguage":"en-US","@id":"https:\/\/photo-polynesie.com\/#\/schema\/logo\/image\/","url":"https:\/\/photo-polynesie.com\/wp-content\/uploads\/2020\/08\/Noir_et_Cercle_Turquoise_Remise_en_Forme_Fitness_Logo_2_-removebg-preview.png","contentUrl":"https:\/\/photo-polynesie.com\/wp-content\/uploads\/2020\/08\/Noir_et_Cercle_Turquoise_Remise_en_Forme_Fitness_Logo_2_-removebg-preview.png","width":500,"height":500,"caption":"Photo Polyn\u00e9sie"},"image":{"@id":"https:\/\/photo-polynesie.com\/#\/schema\/logo\/image\/"}}]}},"_links":{"self":[{"href":"https:\/\/photo-polynesie.com\/index.php\/wp-json\/wp\/v2\/pages\/1079"}],"collection":[{"href":"https:\/\/photo-polynesie.com\/index.php\/wp-json\/wp\/v2\/pages"}],"about":[{"href":"https:\/\/photo-polynesie.com\/index.php\/wp-json\/wp\/v2\/types\/page"}],"author":[{"embeddable":true,"href":"https:\/\/photo-polynesie.com\/index.php\/wp-json\/wp\/v2\/users\/1"}],"replies":[{"embeddable":true,"href":"https:\/\/photo-polynesie.com\/index.php\/wp-json\/wp\/v2\/comments?post=1079"}],"version-history":[{"count":16,"href":"https:\/\/photo-polynesie.com\/index.php\/wp-json\/wp\/v2\/pages\/1079\/revisions"}],"predecessor-version":[{"id":1908,"href":"https:\/\/photo-polynesie.com\/index.php\/wp-json\/wp\/v2\/pages\/1079\/revisions\/1908"}],"wp:attachment":[{"href":"https:\/\/photo-polynesie.com\/index.php\/wp-json\/wp\/v2\/media?parent=1079"}],"curies":[{"name":"wp","href":"https:\/\/api.w.org\/{rel}","templated":true}]}}